{"id":1642,"date":"2022-03-08T09:01:19","date_gmt":"2022-03-08T08:01:19","guid":{"rendered":"http:\/\/sacricuori.wplnw.it\/dove-operiamo\/italia\/religiose-dei-sacri-cuori-casa-generalizia\/religiose-dei-sacri-cuori-casa-generalizia\/"},"modified":"2022-03-15T15:48:52","modified_gmt":"2022-03-15T14:48:52","slug":"religiose-dei-sacri-cuori-casa-generalizia","status":"publish","type":"page","link":"https:\/\/www.sacricuori.org\/pt-pt\/dove-operiamo\/italia\/religiose-dei-sacri-cuori-casa-generalizia\/religiose-dei-sacri-cuori-casa-generalizia\/","title":{"rendered":"Religiose dei Sacri Cuori &#8211; Casa generalizia"},"content":{"rendered":"<p><strong>Cenni storici<\/strong><\/p>\n<p>Il 18 maggio 1949 Madre Luisa Scarfato desiderosa di trasferire la sede della Casa generalizia a Roma, sciveva al Cardinale Vicario di Sua Santit\u00e0:<\/p>\n<p>&#8220;L&#8217;Istituto delle Religiose dei Sacri Cuori, jure pontificii, ha per scopo l&#8217;educazione della giovent\u00f9 e attualmente \u00e8 composto da circa trecento membri, che svolgono la loro attivit\u00e0 in numerosi Asili Infantili, scuole primarie e secondarie ed in ospedali, laboratori, orfanotrofi, mendicicomi. Premurosa dello spirito che deve informare l&#8217;Istituto e i suoi futuri membri, la sottoscritta, con il Consiglio vagheggia il desiderio di erigere nell&#8217;alma citt\u00e0 un edificio, che possa essere adibito quale Casa Generalizia e quale sede di formazione per le suore che devono frequentare gli studi superiori. Contemporaneamente si intenderebbe svolgere opera di educazione o di assistenza religiosa e morale in quella forma che le autorit\u00e0 competenti riterrebbro pi\u00f9 opportuna .&#8221;<\/p>\n","protected":false},"excerpt":{"rendered":"<p>Cenni storici Il 18 maggio 1949 Madre Luisa Scarfato desiderosa di trasferire la sede della Casa generalizia a Roma, sciveva [&hellip;]<\/p>\n","protected":false},"author":2,"featured_media":1171,"parent":1634,"menu_order":1,"comment_status":"closed","ping_status":"closed","template":"page_sede.php","meta":{"footnotes":""},"class_list":["post-1642","page","type-page","status-publish","has-post-thumbnail","hentry"],"acf":[],"_links":{"self":[{"href":"https:\/\/www.sacricuori.org\/pt-pt\/wp-json\/wp\/v2\/pages\/1642","targetHints":{"allow":["GET"]}}],"collection":[{"href":"https:\/\/www.sacricuori.org\/pt-pt\/wp-json\/wp\/v2\/pages"}],"about":[{"href":"https:\/\/www.sacricuori.org\/pt-pt\/wp-json\/wp\/v2\/types\/page"}],"author":[{"embeddable":true,"href":"https:\/\/www.sacricuori.org\/pt-pt\/wp-json\/wp\/v2\/users\/2"}],"replies":[{"embeddable":true,"href":"https:\/\/www.sacricuori.org\/pt-pt\/wp-json\/wp\/v2\/comments?post=1642"}],"version-history":[{"count":1,"href":"https:\/\/www.sacricuori.org\/pt-pt\/wp-json\/wp\/v2\/pages\/1642\/revisions"}],"predecessor-version":[{"id":1643,"href":"https:\/\/www.sacricuori.org\/pt-pt\/wp-json\/wp\/v2\/pages\/1642\/revisions\/1643"}],"up":[{"embeddable":true,"href":"https:\/\/www.sacricuori.org\/pt-pt\/wp-json\/wp\/v2\/pages\/1634"}],"wp:featuredmedia":[{"embeddable":true,"href":"https:\/\/www.sacricuori.org\/pt-pt\/wp-json\/wp\/v2\/media\/1171"}],"wp:attachment":[{"href":"https:\/\/www.sacricuori.org\/pt-pt\/wp-json\/wp\/v2\/media?parent=1642"}],"curies":[{"name":"wp","href":"https:\/\/api.w.org\/{rel}","templated":true}]}}